{"id":37,"date":"2025-01-17T18:21:16","date_gmt":"2025-01-17T18:21:16","guid":{"rendered":"https:\/\/www.arbox.cz\/?page_id=37"},"modified":"2025-02-04T19:12:37","modified_gmt":"2025-02-04T19:12:37","slug":"blog","status":"publish","type":"page","link":"https:\/\/www.arbox.cz\/?page_id=37","title":{"rendered":"O Projektu"},"content":{"rendered":"\n<div id=\"wp-block-themeisle-blocks-timeline-78a12380\" class=\"wp-block-themeisle-blocks-timeline\"><div class=\"o-timeline-root\">\n<div id=\"wp-block-themeisle-blocks-timeline-item-897c0337\" class=\"wp-block-themeisle-blocks-timeline-item\"><div class=\"o-timeline-container\"><div class=\"o-timeline-icon\"><i class=\"fas fa-circle\"><\/i><\/div><div class=\"o-timeline-content\">\n<p class=\"has-small-font-size\">, 2024<\/p>\n\n\n\n<h3 class=\"wp-block-heading\">Je\u0159\u00e1b Oskeru\u0161e<\/h3>\n\n\n\n<p>Vysadili jsme u n\u00e1s Je\u0159\u00e1b Oskeru\u0161i, dozv\u011b\u010fte se jak\u00e9 m\u00e1 tento strom vlastnosti<\/p>\n\n\n\n<p><strong><a href=\"https:\/\/www.arbox.cz\/?page_id=109\" data-type=\"page\" data-id=\"109\">Zde<\/a><\/strong><\/p>\n<\/div><\/div><\/div>\n\n\n\n<div id=\"wp-block-themeisle-blocks-timeline-item-4a023ee1\" class=\"wp-block-themeisle-blocks-timeline-item\"><div class=\"o-timeline-container\"><div class=\"o-timeline-icon\"><i class=\"fas fa-circle\"><\/i><\/div><div class=\"o-timeline-content\">\n<p class=\"has-small-font-size\">January 15, 2024<\/p>\n\n\n\n<h3 class=\"wp-block-heading\">Spu\u0161t\u011bn\u00ed str\u00e1nek<\/h3>\n\n\n\n<p>\u00dasp\u011b\u0161n\u011b jsme spustili na\u0161e str\u00e1nky a t\u00edm vykro\u010dili o krok bl\u00ed\u017ee k na\u0161emu c\u00edli, informovat v\u00e1s o akc\u00edch v lese.<\/p>\n<\/div><\/div><\/div>\n<\/div><\/div>\n\n\n\n<p><\/p>\n","protected":false},"excerpt":{"rendered":"","protected":false},"author":1,"featured_media":166,"parent":0,"menu_order":1,"comment_status":"closed","ping_status":"closed","template":"","meta":{"neve_meta_sidebar":"default","neve_meta_container":"","neve_meta_enable_content_width":"","neve_meta_content_width":70,"neve_meta_title_alignment":"","neve_meta_author_avatar":"","neve_post_elements_order":"","neve_meta_disable_header":"","neve_meta_disable_footer":"","neve_meta_disable_title":"","_themeisle_gutenberg_block_has_review":false,"footnotes":""},"class_list":["post-37","page","type-page","status-publish","has-post-thumbnail","hentry"],"_links":{"self":[{"href":"https:\/\/www.arbox.cz\/index.php?rest_route=\/wp\/v2\/pages\/37","targetHints":{"allow":["GET"]}}],"collection":[{"href":"https:\/\/www.arbox.cz\/index.php?rest_route=\/wp\/v2\/pages"}],"about":[{"href":"https:\/\/www.arbox.cz\/index.php?rest_route=\/wp\/v2\/types\/page"}],"author":[{"embeddable":true,"href":"https:\/\/www.arbox.cz\/index.php?rest_route=\/wp\/v2\/users\/1"}],"replies":[{"embeddable":true,"href":"https:\/\/www.arbox.cz\/index.php?rest_route=%2Fwp%2Fv2%2Fcomments&post=37"}],"version-history":[{"count":11,"href":"https:\/\/www.arbox.cz\/index.php?rest_route=\/wp\/v2\/pages\/37\/revisions"}],"predecessor-version":[{"id":193,"href":"https:\/\/www.arbox.cz\/index.php?rest_route=\/wp\/v2\/pages\/37\/revisions\/193"}],"wp:featuredmedia":[{"embeddable":true,"href":"https:\/\/www.arbox.cz\/index.php?rest_route=\/wp\/v2\/media\/166"}],"wp:attachment":[{"href":"https:\/\/www.arbox.cz\/index.php?rest_route=%2Fwp%2Fv2%2Fmedia&parent=37"}],"curies":[{"name":"wp","href":"https:\/\/api.w.org\/{rel}","templated":true}]}}