{"id":112,"date":"2019-11-26T12:23:14","date_gmt":"2019-11-26T12:23:14","guid":{"rendered":"https:\/\/demosites.io\/blogger-gb\/?page_id=7"},"modified":"2025-02-03T17:26:13","modified_gmt":"2025-02-03T17:26:13","slug":"582c1-blogger-gb-contact","status":"publish","type":"page","link":"https:\/\/www.arbox.cz\/?page_id=112","title":{"rendered":"Kontakt"},"content":{"rendered":"\n<div id=\"wp-block-themeisle-blocks-advanced-columns-bcbef4b5\" class=\"wp-block-themeisle-blocks-advanced-columns alignfull has-1-columns has-desktop-equal-layout has-tablet-equal-layout has-mobile-equal-layout has-vertical-unset\"><div class=\"wp-block-themeisle-blocks-advanced-columns-overlay\"><\/div><div class=\"innerblocks-wrap\">\n<div id=\"wp-block-themeisle-blocks-advanced-column-08c6144b\" class=\"wp-block-themeisle-blocks-advanced-column\">\n<h1 class=\"wp-block-heading ticss-323b0dc0\">Kontaktuje n\u00e1s<\/h1>\n<\/div>\n<\/div><\/div>\n\n\n\n<div id=\"wp-block-themeisle-blocks-advanced-columns-eace65bb\" class=\"wp-block-themeisle-blocks-advanced-columns alignfull has-2-columns has-desktop-equal-layout has-tablet-equal-layout has-mobile-collapsedRows-layout has-vertical-unset ticss-caf6e84b has-light-bg\"><div class=\"wp-block-themeisle-blocks-advanced-columns-overlay\"><\/div><div class=\"innerblocks-wrap\">\n<div id=\"wp-block-themeisle-blocks-advanced-column-54cebeb3\" class=\"wp-block-themeisle-blocks-advanced-column\">\n<h2 class=\"wp-block-heading\">Soci\u00e1ln\u00ed s\u00edt\u011b<\/h2>\n\n\n\n<p>Jestli m\u00e1te ot\u00e1zky, pot\u0159ebujete-li s n\u011b\u010d\u00edm poradit nebo naopak m\u00e1te n\u00e1pad na p\u0159\u00edsp\u011bvek.<\/p>\n\n\n\n<p>Nev\u00e1hejte a napi\u0161te n\u00e1m, bu\u010fto na soci\u00e1ln\u00edch s\u00edt\u00edch nebo p\u0159es e-mail.<\/p>\n\n\n<div class=\"is-style-icons ticss-a0f5d393 wp-block-themeisle-blocks-sharing-icons\" id=\"wp-block-themeisle-blocks-sharing-icons-ed71f9f7\"><div class=\"social-icons-wrap\"><a class=\"social-icon is-facebook\" href=\"https:\/\/www.facebook.com\/sharer\/sharer.php?u=https:\/\/www.arbox.cz\/index.php?rest_route=%2Fwp%2Fv2%2Fpages%2F112&#038;title=Kontakt\" target=\"_blank\"><svg xmlns=\"http:\/\/www.w3.org\/2000\/svg\" viewBox=\"0 0 512 512\"><!--!Font Awesome Free 6.6.0 by @fontawesome - https:\/\/fontawesome.com License - https:\/\/fontawesome.com\/license\/free Copyright 2024 Fonticons, Inc.--><path d=\"M512 256C512 114.6 397.4 0 256 0S0 114.6 0 256C0 376 82.7 476.8 194.2 504.5V334.2H141.4V256h52.8V222.3c0-87.1 39.4-127.5 125-127.5c16.2 0 44.2 3.2 55.7 6.4V172c-6-.6-16.5-1-29.6-1c-42 0-58.2 15.9-58.2 57.2V256h83.6l-14.4 78.2H287V510.1C413.8 494.8 512 386.9 512 256h0z\"\/><\/svg><span class=\"v-line\"><\/span><\/a><\/div><\/div><style type=\"text\/css\">#wp-block-themeisle-blocks-sharing-icons-ed71f9f7 .is-facebook {--icon-bg-color: var(--nv-dark-bg);--text-color: var(--nv-text-dark-bg);}#wp-block-themeisle-blocks-sharing-icons-ed71f9f7 .is-twitter {--icon-bg-color: var(--nv-dark-bg);--text-color: var(--nv-text-dark-bg);}#wp-block-themeisle-blocks-sharing-icons-ed71f9f7 .is-linkedin {--icon-bg-color: var(--nv-dark-bg);--text-color: var(--nv-text-dark-bg);}#wp-block-themeisle-blocks-sharing-icons-ed71f9f7 .is-pinterest {--icon-bg-color: var(--nv-dark-bg);--text-color: var(--nv-text-dark-bg);}<\/style><\/div>\n\n\n\n<div id=\"wp-block-themeisle-blocks-advanced-column-12b83180\" class=\"wp-block-themeisle-blocks-advanced-column ticss-5418d6a3\">\n<h2 class=\"wp-block-heading\">Napi\u0161te n\u00e1m<\/h2>\n\n\n\n<div id=\"wp-block-themeisle-blocks-form-dd666c78\" class=\"wp-block-themeisle-blocks-form\" data-option-name=\"bf9b28ff82ce323187abc5d0feb0d8f07ecd8436_dd666c78\"><form class=\"otter-form__container\">\n<div id=\"wp-block-themeisle-blocks-form-input-bf164fb5\" class=\"wp-block-themeisle-blocks-form-input is-style-o-c-half\"><label for=\"wp-block-themeisle-blocks-form-input-bf164fb5-input\" class=\"otter-form-input-label\"><span class=\"otter-form-input-label__label\">Jm\u00e9no<\/span><span class=\"required\">*<\/span><\/label><input type=\"text\" id=\"wp-block-themeisle-blocks-form-input-bf164fb5-input\" required class=\"otter-form-input\"\/><\/div>\n\n\n\n<div id=\"wp-block-themeisle-blocks-form-input-303c133a\" class=\"wp-block-themeisle-blocks-form-input is-style-o-c-half\"><label for=\"wp-block-themeisle-blocks-form-input-303c133a-input\" class=\"otter-form-input-label\"><span class=\"otter-form-input-label__label\">Email<\/span><span class=\"required\">*<\/span><\/label><input type=\"email\" id=\"wp-block-themeisle-blocks-form-input-303c133a-input\" required class=\"otter-form-input\"\/><\/div>\n\n\n\n<div id=\"wp-block-themeisle-blocks-form-textarea-68e8eed5\" class=\"wp-block-themeisle-blocks-form-textarea\"><label for=\"wp-block-themeisle-blocks-form-textarea-68e8eed5-input\" class=\"otter-form-textarea-label\"><span class=\"otter-form-textarea-label__label\">Koment\u00e1\u0159 nebo zpr\u00e1va<\/span><\/label><textarea id=\"wp-block-themeisle-blocks-form-textarea-68e8eed5-input\" rows=\"10\" class=\"otter-form-textarea-input\"><\/textarea><\/div>\n\n\n<div class=\"protection\" aria-hidden=\"true\"><input type=\"hidden\" id=\"wp-block-themeisle-blocks-form-dd666c78_nonce_field\" name=\"wp-block-themeisle-blocks-form-dd666c78_nonce_field\" value=\"adde096c3a\" \/><input type=\"hidden\" name=\"_wp_http_referer\" value=\"\/index.php?rest_route=%2Fwp%2Fv2%2Fpages%2F112\" \/><input class=\"o-anti-bot\" type=\"checkbox\"><\/div><div class=\"wp-block-button\"><button class=\"wp-block-button__link\" type=\"submit\">Odeslat<\/button><\/div><\/form><\/div>\n<\/div>\n<\/div><\/div>\n","protected":false},"excerpt":{"rendered":"","protected":false},"author":1,"featured_media":0,"parent":0,"menu_order":0,"comment_status":"closed","ping_status":"closed","template":"","meta":{"neve_meta_sidebar":"full-width","neve_meta_container":"","neve_meta_enable_content_width":"on","neve_meta_content_width":100,"neve_meta_title_alignment":"","neve_meta_author_avatar":"","neve_post_elements_order":"","neve_meta_disable_header":"","neve_meta_disable_footer":"","neve_meta_disable_title":"on","_themeisle_gutenberg_block_has_review":false,"footnotes":""},"class_list":["post-112","page","type-page","status-publish","hentry"],"_links":{"self":[{"href":"https:\/\/www.arbox.cz\/index.php?rest_route=\/wp\/v2\/pages\/112","targetHints":{"allow":["GET"]}}],"collection":[{"href":"https:\/\/www.arbox.cz\/index.php?rest_route=\/wp\/v2\/pages"}],"about":[{"href":"https:\/\/www.arbox.cz\/index.php?rest_route=\/wp\/v2\/types\/page"}],"author":[{"embeddable":true,"href":"https:\/\/www.arbox.cz\/index.php?rest_route=\/wp\/v2\/users\/1"}],"replies":[{"embeddable":true,"href":"https:\/\/www.arbox.cz\/index.php?rest_route=%2Fwp%2Fv2%2Fcomments&post=112"}],"version-history":[{"count":1,"href":"https:\/\/www.arbox.cz\/index.php?rest_route=\/wp\/v2\/pages\/112\/revisions"}],"predecessor-version":[{"id":164,"href":"https:\/\/www.arbox.cz\/index.php?rest_route=\/wp\/v2\/pages\/112\/revisions\/164"}],"wp:attachment":[{"href":"https:\/\/www.arbox.cz\/index.php?rest_route=%2Fwp%2Fv2%2Fmedia&parent=112"}],"curies":[{"name":"wp","href":"https:\/\/api.w.org\/{rel}","templated":true}]}}