{"id":110,"date":"2019-11-26T12:22:54","date_gmt":"2019-11-26T12:22:54","guid":{"rendered":"https:\/\/demosites.io\/blogger-gb\/?page_id=5"},"modified":"2025-02-05T12:57:50","modified_gmt":"2025-02-05T12:57:50","slug":"582c1-blogger-gb-home","status":"publish","type":"page","link":"https:\/\/www.arbox.cz\/","title":{"rendered":"\u00davod"},"content":{"rendered":"\n<div class=\"wp-block-cover alignfull wp-duotone-rgb4247103-rgb21419442-2\" style=\"margin-top:0;padding-top:48px;padding-right:48px;padding-bottom:48px;padding-left:48px;min-height:66vh;aspect-ratio:unset;\"><span aria-hidden=\"true\" class=\"wp-block-cover__background has-background-dim-30 has-background-dim\" style=\"background-color:#7d7870\"><\/span><img loading=\"lazy\" decoding=\"async\" width=\"2560\" height=\"1440\" class=\"wp-block-cover__image-background wp-image-156\" alt=\"\" src=\"http:\/\/www.arbox.cz\/wp-content\/uploads\/2025\/01\/dji_fly_20250117_080724_189_1737097730132_photo_optimized-scaled.jpg\" data-object-fit=\"cover\" srcset=\"https:\/\/www.arbox.cz\/wp-content\/uploads\/2025\/01\/dji_fly_20250117_080724_189_1737097730132_photo_optimized-scaled.jpg 2560w, https:\/\/www.arbox.cz\/wp-content\/uploads\/2025\/01\/dji_fly_20250117_080724_189_1737097730132_photo_optimized-300x169.jpg 300w, https:\/\/www.arbox.cz\/wp-content\/uploads\/2025\/01\/dji_fly_20250117_080724_189_1737097730132_photo_optimized-1024x576.jpg 1024w, https:\/\/www.arbox.cz\/wp-content\/uploads\/2025\/01\/dji_fly_20250117_080724_189_1737097730132_photo_optimized-768x432.jpg 768w, https:\/\/www.arbox.cz\/wp-content\/uploads\/2025\/01\/dji_fly_20250117_080724_189_1737097730132_photo_optimized-1536x864.jpg 1536w, https:\/\/www.arbox.cz\/wp-content\/uploads\/2025\/01\/dji_fly_20250117_080724_189_1737097730132_photo_optimized-2048x1152.jpg 2048w\" sizes=\"auto, (max-width: 2560px) 100vw, 2560px\" \/><div class=\"wp-block-cover__inner-container is-layout-flow wp-block-cover-is-layout-flow\">\n<div class=\"wp-block-group\"><div class=\"wp-block-group__inner-container is-layout-constrained wp-container-core-group-is-layout-481a76f5 wp-block-group-is-layout-constrained\">\n<h2 id=\"wp-block-themeisle-blocks-advanced-heading-148f22fc\" class=\"wp-block-themeisle-blocks-advanced-heading wp-block-themeisle-blocks-advanced-heading-148f22fc\">Poj\u010fme pozn\u00e1vat sv\u011bt p\u0159\u00edrody.<br>Spole\u010dn\u011b.<\/h2>\n\n\n\n<p><\/p>\n<\/div><\/div>\n\n\n\n<div class=\"wp-block-buttons is-content-justification-center is-nowrap is-layout-flex wp-container-core-buttons-is-layout-1fb9aab6 wp-block-buttons-is-layout-flex\">\n<div class=\"wp-block-button has-custom-font-size is-style-outline is-style-outline--1\" style=\"font-size:16px;font-style:normal;font-weight:600;letter-spacing:0px;text-transform:uppercase\"><a class=\"wp-block-button__link has-white-color has-text-color wp-element-button\" href=\"https:\/\/www.arbox.cz\" style=\"padding-top:24px;padding-right:48px;padding-bottom:24px;padding-left:48px\">Blog<\/a><\/div>\n<\/div>\n<\/div><\/div>\n\n\n\n<div id=\"wp-block-themeisle-blocks-advanced-columns-b320f813\" class=\"wp-block-themeisle-blocks-advanced-columns has-3-columns has-desktop-equal-layout has-tablet-equal-layout has-mobile-collapsedRows-layout has-vertical-unset\"><div class=\"wp-block-themeisle-blocks-advanced-columns-overlay\"><\/div><div class=\"innerblocks-wrap\">\n<div id=\"wp-block-themeisle-blocks-advanced-column-42182f0d\" class=\"wp-block-themeisle-blocks-advanced-column\">\n<h3 class=\"wp-block-heading\">Koukn\u011bte se na n\u00e1\u0161 blog<\/h3>\n\n\n\n<p>Sna\u017e\u00edme se informovat \u0161irokou spole\u010dnost o tom co se d\u011bje v lese.<\/p>\n\n\n\n<p id=\"wp-block-themeisle-blocks-advanced-heading-852c591d\" class=\"wp-block-themeisle-blocks-advanced-heading wp-block-themeisle-blocks-advanced-heading-852c591d\"><strong><a href=\"https:\/\/www.arbox.cz\" >Shl\u00e9dnout p\u0159\u00edsp\u011bvky<\/a><\/strong><\/p>\n<\/div>\n\n\n\n<div id=\"wp-block-themeisle-blocks-advanced-column-cd359245\" class=\"wp-block-themeisle-blocks-advanced-column\">\n<h3 class=\"wp-block-heading\">Akce<\/h3>\n\n\n\n<p>Poj\u010fte si s n\u00e1mi zamakat do lesa nebo t\u0159eba jen postavit lavi\u010dku<\/p>\n\n\n\n<p id=\"wp-block-themeisle-blocks-advanced-heading-98c8b9c2\" class=\"wp-block-themeisle-blocks-advanced-heading wp-block-themeisle-blocks-advanced-heading-98c8b9c2\"><a href=\"https:\/\/www.arbox.cz\" >&lt;strong&gt;Kontaktujte n\u00e1s&lt;\/strong&gt;<\/a><\/p>\n<\/div>\n\n\n\n<div id=\"wp-block-themeisle-blocks-advanced-column-9a9f49aa\" class=\"wp-block-themeisle-blocks-advanced-column\">\n<h3 class=\"wp-block-heading\">Kdo jsme?<\/h3>\n\n\n\n<p>Jsme firma, kter\u00e1 se star\u00e1 o lesy a cht\u011bla by V\u00e1s v\u00edce informovat o d\u011bn\u00ed v lese a mo\u017en\u00e1 i zapojit.<\/p>\n\n\n\n<p id=\"wp-block-themeisle-blocks-advanced-heading-a687c894\" class=\"wp-block-themeisle-blocks-advanced-heading wp-block-themeisle-blocks-advanced-heading-a687c894\"><a href=\"https:\/\/www.arbox.cz\" >&lt;strong&gt;O n\u00e1s&lt;\/strong&gt;<\/a><\/p>\n<\/div>\n<\/div><\/div>\n\n\n\n<div id=\"wp-block-themeisle-blocks-advanced-columns-5a83b79b\" class=\"wp-block-themeisle-blocks-advanced-columns alignfull has-2-columns has-desktop-equal-layout has-tablet-equal-layout has-mobile-collapsedRows-layout has-vertical-center has-dark-bg\"><div class=\"wp-block-themeisle-blocks-advanced-columns-overlay\"><\/div><div class=\"innerblocks-wrap\">\n<div id=\"wp-block-themeisle-blocks-advanced-column-02495679\" class=\"wp-block-themeisle-blocks-advanced-column ticss-48ef8f35\">\n<h2 class=\"wp-block-heading has-nv-text-dark-bg-color has-text-color\">O n\u00e1s<\/h2>\n\n\n\n<p class=\"has-nv-text-dark-bg-color has-text-color\">Jsme spole\u010dnost zam\u011b\u0159en\u00e1 na udr\u017eitelnou spr\u00e1vu les\u016f a ochranu p\u0159\u00edrody. Na\u0161\u00edm c\u00edlem je pe\u010dovat o zdrav\u00ed les\u016f, podporovat biodiverzitu a zaji\u0161\u0165ovat d\u0159ev\u011bn\u00e9 suroviny pro budouc\u00ed generace. Spolupracujeme s odborn\u00edky, obcemi a ve\u0159ejnost\u00ed, abychom zajistili vyv\u00e1\u017een\u00fd vztah mezi \u010dlov\u011bkem a p\u0159\u00edrodou.<\/p>\n\n\n\n<p class=\"wp-block-themeisle-blocks-advanced-heading wp-block-themeisle-blocks-advanced-heading-291a439a has-white-color has-text-color\"><a href=\"https:\/\/www.arbox.cz\/blogger-gb-news\/\">Poj\u010fte do blogu<\/a><\/p>\n<\/div>\n\n\n\n<div id=\"wp-block-themeisle-blocks-advanced-column-67e16009\" class=\"wp-block-themeisle-blocks-advanced-column ticss-5418d6a3\">\n<figure class=\"wp-block-image size-large\"><img loading=\"lazy\" decoding=\"async\" width=\"1024\" height=\"768\" src=\"http:\/\/www.arbox.cz\/wp-content\/uploads\/2025\/01\/dji_fly_20250117_081324_194_1737098030150_photo-1024x768.jpg\" alt=\"\" class=\"wp-image-146\" srcset=\"https:\/\/www.arbox.cz\/wp-content\/uploads\/2025\/01\/dji_fly_20250117_081324_194_1737098030150_photo-1024x768.jpg 1024w, https:\/\/www.arbox.cz\/wp-content\/uploads\/2025\/01\/dji_fly_20250117_081324_194_1737098030150_photo-300x225.jpg 300w, https:\/\/www.arbox.cz\/wp-content\/uploads\/2025\/01\/dji_fly_20250117_081324_194_1737098030150_photo-768x576.jpg 768w\" sizes=\"auto, (max-width: 1024px) 100vw, 1024px\" \/><\/figure>\n<\/div>\n<\/div><\/div>\n\n\n\n<div id=\"wp-block-themeisle-blocks-advanced-columns-194b2b21\" class=\"wp-block-themeisle-blocks-advanced-columns alignfull has-1-columns has-desktop-equal-layout has-tablet-equal-layout has-mobile-equal-layout has-vertical-unset has-light-bg\"><div class=\"wp-block-themeisle-blocks-advanced-columns-overlay\"><\/div><div class=\"innerblocks-wrap\">\n<div id=\"wp-block-themeisle-blocks-advanced-column-204c7024\" class=\"wp-block-themeisle-blocks-advanced-column\">\n<h2 id=\"wp-block-themeisle-blocks-advanced-heading-2ec13e75\" class=\"wp-block-themeisle-blocks-advanced-heading wp-block-themeisle-blocks-advanced-heading-2ec13e75\">T\u00e9mata p\u0159\u00edsp\u011bvk\u016f<\/h2>\n\n\n\n<div id=\"wp-block-themeisle-blocks-advanced-columns-33738250\" class=\"wp-block-themeisle-blocks-advanced-columns has-3-columns has-desktop-equal-layout has-tablet-equal-layout has-mobile-collapsedRows-layout has-vertical-unset\"><div class=\"wp-block-themeisle-blocks-advanced-columns-overlay\"><\/div><div class=\"innerblocks-wrap\">\n<div id=\"wp-block-themeisle-blocks-advanced-column-c4c3925f\" class=\"wp-block-themeisle-blocks-advanced-column\">\n<figure class=\"wp-block-image size-large is-resized\"><img loading=\"lazy\" decoding=\"async\" width=\"683\" height=\"1024\" src=\"https:\/\/www.arbox.cz\/wp-content\/uploads\/2025\/02\/025-683x1024.jpg\" alt=\"\" class=\"wp-image-170\" style=\"width:301px;height:auto\" srcset=\"https:\/\/www.arbox.cz\/wp-content\/uploads\/2025\/02\/025-683x1024.jpg 683w, https:\/\/www.arbox.cz\/wp-content\/uploads\/2025\/02\/025-200x300.jpg 200w, https:\/\/www.arbox.cz\/wp-content\/uploads\/2025\/02\/025-768x1152.jpg 768w, https:\/\/www.arbox.cz\/wp-content\/uploads\/2025\/02\/025-1024x1536.jpg 1024w, https:\/\/www.arbox.cz\/wp-content\/uploads\/2025\/02\/025-1365x2048.jpg 1365w, https:\/\/www.arbox.cz\/wp-content\/uploads\/2025\/02\/025-scaled.jpg 1707w\" sizes=\"auto, (max-width: 683px) 100vw, 683px\" \/><\/figure>\n\n\n\n<div style=\"height:16px\" aria-hidden=\"true\" class=\"wp-block-spacer\"><\/div>\n\n\n\n<h3 class=\"wp-block-heading\">Les<\/h3>\n\n\n\n<p id=\"wp-block-themeisle-blocks-advanced-heading-741fa943\" class=\"wp-block-themeisle-blocks-advanced-heading wp-block-themeisle-blocks-advanced-heading-741fa943\"><strong><a href=\"https:\/\/www.arbox.cz\/blogger-gb-news\/\">P\u0159\u00edsp\u011bvky<\/a><\/strong><\/p>\n<\/div>\n\n\n\n<div id=\"wp-block-themeisle-blocks-advanced-column-2fac3b7a\" class=\"wp-block-themeisle-blocks-advanced-column\">\n<figure class=\"wp-block-image size-large\"><img loading=\"lazy\" decoding=\"async\" width=\"1024\" height=\"768\" src=\"http:\/\/www.arbox.cz\/wp-content\/uploads\/2025\/01\/dji_fly_20250117_081454_199_1737098257825_photo-1024x768.jpg\" alt=\"\" class=\"wp-image-150\" srcset=\"https:\/\/www.arbox.cz\/wp-content\/uploads\/2025\/01\/dji_fly_20250117_081454_199_1737098257825_photo-1024x768.jpg 1024w, https:\/\/www.arbox.cz\/wp-content\/uploads\/2025\/01\/dji_fly_20250117_081454_199_1737098257825_photo-300x225.jpg 300w, https:\/\/www.arbox.cz\/wp-content\/uploads\/2025\/01\/dji_fly_20250117_081454_199_1737098257825_photo-768x576.jpg 768w\" sizes=\"auto, (max-width: 1024px) 100vw, 1024px\" \/><\/figure>\n\n\n\n<div style=\"height:16px\" aria-hidden=\"true\" class=\"wp-block-spacer\"><\/div>\n\n\n\n<h3 class=\"wp-block-heading\">Voda<\/h3>\n\n\n\n<p id=\"wp-block-themeisle-blocks-advanced-heading-8e5023f8\" class=\"wp-block-themeisle-blocks-advanced-heading wp-block-themeisle-blocks-advanced-heading-8e5023f8\"><strong><a href=\"https:\/\/www.arbox.cz\/blogger-gb-news\/\">P\u0159\u00edsp\u011bvky<\/a><\/strong><\/p>\n<\/div>\n\n\n\n<div id=\"wp-block-themeisle-blocks-advanced-column-dcbf27d1\" class=\"wp-block-themeisle-blocks-advanced-column\">\n<figure class=\"wp-block-image size-large is-resized\"><img loading=\"lazy\" decoding=\"async\" width=\"400\" height=\"600\" src=\"http:\/\/www.arbox.cz\/wp-content\/uploads\/2020\/10\/neve-minimal-blogger-11-ogw6v2xhiykjkglcbcath685qobodkmr0r3cplch9s.jpg\" alt=\"\" class=\"wp-image-96\" style=\"width:305px;height:auto\" srcset=\"https:\/\/www.arbox.cz\/wp-content\/uploads\/2020\/10\/neve-minimal-blogger-11-ogw6v2xhiykjkglcbcath685qobodkmr0r3cplch9s.jpg 400w, https:\/\/www.arbox.cz\/wp-content\/uploads\/2020\/10\/neve-minimal-blogger-11-ogw6v2xhiykjkglcbcath685qobodkmr0r3cplch9s-200x300.jpg 200w\" sizes=\"auto, (max-width: 400px) 100vw, 400px\" \/><\/figure>\n\n\n\n<div style=\"height:16px\" aria-hidden=\"true\" class=\"wp-block-spacer\"><\/div>\n\n\n\n<h3 class=\"wp-block-heading\">Zv\u011b\u0159<\/h3>\n\n\n\n<p id=\"wp-block-themeisle-blocks-advanced-heading-c6f25443\" class=\"wp-block-themeisle-blocks-advanced-heading wp-block-themeisle-blocks-advanced-heading-c6f25443\"><strong><a href=\"https:\/\/www.arbox.cz\/blogger-gb-news\/\">P\u0159\u00edsp\u011bvky<\/a><\/strong><\/p>\n<\/div>\n<\/div><\/div>\n<\/div>\n<\/div><\/div>\n\n\n\n<div id=\"wp-block-themeisle-blocks-advanced-columns-6f11e740\" class=\"wp-block-themeisle-blocks-advanced-columns alignfull has-1-columns has-desktop-equal-layout has-tablet-equal-layout has-mobile-equal-layout has-vertical-unset\"><div class=\"wp-block-themeisle-blocks-advanced-columns-overlay\"><\/div><div class=\"innerblocks-wrap\">\n<div id=\"wp-block-themeisle-blocks-advanced-column-085d763a\" class=\"wp-block-themeisle-blocks-advanced-column\">\n<h2 id=\"wp-block-themeisle-blocks-advanced-heading-4e96de44\" class=\"wp-block-themeisle-blocks-advanced-heading wp-block-themeisle-blocks-advanced-heading-4e96de44\">Sledujte n\u00e1s na soci\u00e1ln\u00edch s\u00edt\u00edch<\/h2>\n\n\n\n<p class=\"has-text-align-center\" style=\"font-size:22px\">Sledujte n\u00e1s a\u0165 v\u00e1m neuniknout novinky co se u n\u00e1s d\u011bj\u00ed<\/p>\n\n\n\n<ul class=\"wp-block-social-links has-large-icon-size has-icon-color has-icon-background-color items-justified-center is-style-default is-content-justification-center is-layout-flex wp-container-core-social-links-is-layout-16018d1d wp-block-social-links-is-layout-flex\"><li style=\"color:var(--nv-text-dark-bg);background-color:var(--nv-dark-bg);\" class=\"wp-social-link wp-social-link-facebook has-nv-text-dark-bg-color has-nv-dark-bg-background-color wp-block-social-link\"><a rel=\"noopener nofollow\" target=\"_blank\" href=\"#\" class=\"wp-block-social-link-anchor\"><svg width=\"24\" height=\"24\" viewBox=\"0 0 24 24\" version=\"1.1\" xmlns=\"http:\/\/www.w3.org\/2000\/svg\" aria-hidden=\"true\" focusable=\"false\"><path d=\"M12 2C6.5 2 2 6.5 2 12c0 5 3.7 9.1 8.4 9.9v-7H7.9V12h2.5V9.8c0-2.5 1.5-3.9 3.8-3.9 1.1 0 2.2.2 2.2.2v2.5h-1.3c-1.2 0-1.6.8-1.6 1.6V12h2.8l-.4 2.9h-2.3v7C18.3 21.1 22 17 22 12c0-5.5-4.5-10-10-10z\"><\/path><\/svg><span class=\"wp-block-social-link-label screen-reader-text\">Facebook<\/span><\/a><\/li>\n\n<li style=\"color:var(--nv-text-dark-bg);background-color:var(--nv-dark-bg);\" class=\"wp-social-link wp-social-link-twitter has-nv-text-dark-bg-color has-nv-dark-bg-background-color wp-block-social-link\"><a rel=\"noopener nofollow\" target=\"_blank\" href=\"#\" class=\"wp-block-social-link-anchor\"><svg width=\"24\" height=\"24\" viewBox=\"0 0 24 24\" version=\"1.1\" xmlns=\"http:\/\/www.w3.org\/2000\/svg\" aria-hidden=\"true\" focusable=\"false\"><path d=\"M22.23,5.924c-0.736,0.326-1.527,0.547-2.357,0.646c0.847-0.508,1.498-1.312,1.804-2.27 c-0.793,0.47-1.671,0.812-2.606,0.996C18.324,4.498,17.257,4,16.077,4c-2.266,0-4.103,1.837-4.103,4.103 c0,0.322,0.036,0.635,0.106,0.935C8.67,8.867,5.647,7.234,3.623,4.751C3.27,5.357,3.067,6.062,3.067,6.814 c0,1.424,0.724,2.679,1.825,3.415c-0.673-0.021-1.305-0.206-1.859-0.513c0,0.017,0,0.034,0,0.052c0,1.988,1.414,3.647,3.292,4.023 c-0.344,0.094-0.707,0.144-1.081,0.144c-0.264,0-0.521-0.026-0.772-0.074c0.522,1.63,2.038,2.816,3.833,2.85 c-1.404,1.1-3.174,1.756-5.096,1.756c-0.331,0-0.658-0.019-0.979-0.057c1.816,1.164,3.973,1.843,6.29,1.843 c7.547,0,11.675-6.252,11.675-11.675c0-0.178-0.004-0.355-0.012-0.531C20.985,7.47,21.68,6.747,22.23,5.924z\"><\/path><\/svg><span class=\"wp-block-social-link-label screen-reader-text\">Twitter<\/span><\/a><\/li>\n\n<li style=\"color:var(--nv-text-dark-bg);background-color:var(--nv-dark-bg);\" class=\"wp-social-link wp-social-link-linkedin has-nv-text-dark-bg-color has-nv-dark-bg-background-color wp-block-social-link\"><a rel=\"noopener nofollow\" target=\"_blank\" href=\"#\" class=\"wp-block-social-link-anchor\"><svg width=\"24\" height=\"24\" viewBox=\"0 0 24 24\" version=\"1.1\" xmlns=\"http:\/\/www.w3.org\/2000\/svg\" aria-hidden=\"true\" focusable=\"false\"><path d=\"M19.7,3H4.3C3.582,3,3,3.582,3,4.3v15.4C3,20.418,3.582,21,4.3,21h15.4c0.718,0,1.3-0.582,1.3-1.3V4.3 C21,3.582,20.418,3,19.7,3z M8.339,18.338H5.667v-8.59h2.672V18.338z M7.004,8.574c-0.857,0-1.549-0.694-1.549-1.548 c0-0.855,0.691-1.548,1.549-1.548c0.854,0,1.547,0.694,1.547,1.548C8.551,7.881,7.858,8.574,7.004,8.574z M18.339,18.338h-2.669 v-4.177c0-0.996-0.017-2.278-1.387-2.278c-1.389,0-1.601,1.086-1.601,2.206v4.249h-2.667v-8.59h2.559v1.174h0.037 c0.356-0.675,1.227-1.387,2.526-1.387c2.703,0,3.203,1.779,3.203,4.092V18.338z\"><\/path><\/svg><span class=\"wp-block-social-link-label screen-reader-text\">LinkedIn<\/span><\/a><\/li>\n\n<li style=\"color:var(--nv-text-dark-bg);background-color:var(--nv-dark-bg);\" class=\"wp-social-link wp-social-link-pinterest has-nv-text-dark-bg-color has-nv-dark-bg-background-color wp-block-social-link\"><a rel=\"noopener nofollow\" target=\"_blank\" href=\"#\" class=\"wp-block-social-link-anchor\"><svg width=\"24\" height=\"24\" viewBox=\"0 0 24 24\" version=\"1.1\" xmlns=\"http:\/\/www.w3.org\/2000\/svg\" aria-hidden=\"true\" focusable=\"false\"><path d=\"M12.289,2C6.617,2,3.606,5.648,3.606,9.622c0,1.846,1.025,4.146,2.666,4.878c0.25,0.111,0.381,0.063,0.439-0.169 c0.044-0.175,0.267-1.029,0.365-1.428c0.032-0.128,0.017-0.237-0.091-0.362C6.445,11.911,6.01,10.75,6.01,9.668 c0-2.777,2.194-5.464,5.933-5.464c3.23,0,5.49,2.108,5.49,5.122c0,3.407-1.794,5.768-4.13,5.768c-1.291,0-2.257-1.021-1.948-2.277 c0.372-1.495,1.089-3.112,1.089-4.191c0-0.967-0.542-1.775-1.663-1.775c-1.319,0-2.379,1.309-2.379,3.059 c0,1.115,0.394,1.869,0.394,1.869s-1.302,5.279-1.54,6.261c-0.405,1.666,0.053,4.368,0.094,4.604 c0.021,0.126,0.167,0.169,0.25,0.063c0.129-0.165,1.699-2.419,2.142-4.051c0.158-0.59,0.817-2.995,0.817-2.995 c0.43,0.784,1.681,1.446,3.013,1.446c3.963,0,6.822-3.494,6.822-7.833C20.394,5.112,16.849,2,12.289,2\"><\/path><\/svg><span class=\"wp-block-social-link-label screen-reader-text\">Pinterest<\/span><\/a><\/li><\/ul>\n<\/div>\n<\/div><\/div>\n","protected":false},"excerpt":{"rendered":"","protected":false},"author":1,"featured_media":0,"parent":0,"menu_order":0,"comment_status":"closed","ping_status":"closed","template":"page-templates\/template-pagebuilder-full-width.php","meta":{"neve_meta_sidebar":"full-width","neve_meta_container":"","neve_meta_enable_content_width":"on","neve_meta_content_width":100,"neve_meta_title_alignment":"","neve_meta_author_avatar":"","neve_post_elements_order":"","neve_meta_disable_header":"","neve_meta_disable_footer":"","neve_meta_disable_title":"on","_themeisle_gutenberg_block_has_review":false,"footnotes":""},"class_list":["post-110","page","type-page","status-publish","hentry"],"_links":{"self":[{"href":"https:\/\/www.arbox.cz\/index.php?rest_route=\/wp\/v2\/pages\/110","targetHints":{"allow":["GET"]}}],"collection":[{"href":"https:\/\/www.arbox.cz\/index.php?rest_route=\/wp\/v2\/pages"}],"about":[{"href":"https:\/\/www.arbox.cz\/index.php?rest_route=\/wp\/v2\/types\/page"}],"author":[{"embeddable":true,"href":"https:\/\/www.arbox.cz\/index.php?rest_route=\/wp\/v2\/users\/1"}],"replies":[{"embeddable":true,"href":"https:\/\/www.arbox.cz\/index.php?rest_route=%2Fwp%2Fv2%2Fcomments&post=110"}],"version-history":[{"count":8,"href":"https:\/\/www.arbox.cz\/index.php?rest_route=\/wp\/v2\/pages\/110\/revisions"}],"predecessor-version":[{"id":213,"href":"https:\/\/www.arbox.cz\/index.php?rest_route=\/wp\/v2\/pages\/110\/revisions\/213"}],"wp:attachment":[{"href":"https:\/\/www.arbox.cz\/index.php?rest_route=%2Fwp%2Fv2%2Fmedia&parent=110"}],"curies":[{"name":"wp","href":"https:\/\/api.w.org\/{rel}","templated":true}]}}